{"id":9722,"date":"2022-10-28T15:03:36","date_gmt":"2022-10-28T13:03:36","guid":{"rendered":"http:\/\/capej.eu\/?page_id=9722"},"modified":"2023-04-23T16:55:07","modified_gmt":"2023-04-23T14:55:07","slug":"le-projet-capej","status":"publish","type":"page","link":"https:\/\/capej.eu\/en\/le-projet-capej\/","title":{"rendered":"The CAPEJ project"},"content":{"rendered":"<div class=\"vc-custom-col-spacing clearfix vc-col-spacing-40\"><section id=\"first-row\" class=\"wpb_row vc_row-fluid vc_custom_1666966900103 vc_row-has-fill row-content-position-Default\"><div class=\"bauer-container\"><div class=\"row-inner clearfix\"><div class=\"wpb_column vc_column_container vc_col-sm-12\"><div class=\"vc_column-inner\"><div class=\"wpb_wrapper\">\r\n\t<div class=\"bauer-spacer clearfix\" data-desktop=\"60\" data-mobi=\"40\" data-smobi=\"40\"><\/div><div class=\"bauer-single-heading clearfix  wow fadeInUp\" style=\"margin-bottom:24px;\"><span class=\"inner\"><span class=\"heading clearfix\" style=\"font-weight:800;color:#3a6d46;font-family:Nunito Sans;font-size:24px;\">\r\n\t\tThe CAPEJ project\r\n\t<\/span><\/span><\/div><div class=\"bauer-text clearfix  wow fadeInUp\" style=\"font-family:Nunito Sans;font-size:18px;line-height:40px;color:#203d6f;margin-bottom:30px;\"><p><strong>The Erasmus+ funded project Research and Action for Emancipatory Policies with Youth - CAPEJ, conducted from September 2020 to December 2022, brought together three partners, a child protection structure (SEAS in Chamb\u00e9ry) and two Belgian and French research institutes (OEJAJ in Brussels and LERIS in Montpellier), around a common challenge: to strengthen the emancipation of youth actors and young people by equipping them with skills to act in order to design new educational practices\/policies.<\/strong><\/p>\n<\/div><\/div><\/div><\/div><\/div><\/div><\/section><\/div><div class=\"vc-custom-col-spacing clearfix vc-col-spacing-40\"><section class=\"wpb_row vc_row-fluid vc_custom_1666966900103 vc_row-has-fill row-content-position-Default\"><div class=\"bauer-container\"><div class=\"row-inner clearfix\"><div class=\"wpb_column vc_column_container vc_col-sm-6\"><div class=\"vc_column-inner\"><div class=\"wpb_wrapper\">\r\n\t<div class=\"bauer-spacer clearfix\" data-desktop=\"10\" data-mobi=\"10\" data-smobi=\"10\"><\/div>\n\t<div  class=\"wpb_single_image wpb_content_element vc_align_center  wpb_animate_when_almost_visible wpb_bottom-to-top bottom-to-top\">\n\t\t\n\t\t<figure class=\"wpb_wrapper vc_figure\">\n\t\t\t<div class=\"vc_single_image-wrapper   vc_box_border_grey\"><img loading=\"lazy\" decoding=\"async\" width=\"300\" height=\"300\" src=\"https:\/\/capej.eu\/wp-content\/uploads\/2022\/11\/CAPEJ-Illustration-2-1-300x300.png\" class=\"vc_single_image-img attachment-medium\" alt=\"CAPEJ - Chercher et Agir Pour des Politiques Emancipatrices avec les Jeunes\" srcset=\"https:\/\/capej.eu\/wp-content\/uploads\/2022\/11\/CAPEJ-Illustration-2-1-300x300.png 300w, https:\/\/capej.eu\/wp-content\/uploads\/2022\/11\/CAPEJ-Illustration-2-1-1021x1024.png 1021w, https:\/\/capej.eu\/wp-content\/uploads\/2022\/11\/CAPEJ-Illustration-2-1-150x150.png 150w, https:\/\/capej.eu\/wp-content\/uploads\/2022\/11\/CAPEJ-Illustration-2-1-768x770.png 768w, https:\/\/capej.eu\/wp-content\/uploads\/2022\/11\/CAPEJ-Illustration-2-1-600x600.png 600w, https:\/\/capej.eu\/wp-content\/uploads\/2022\/11\/CAPEJ-Illustration-2-1-870x872.png 870w, https:\/\/capej.eu\/wp-content\/uploads\/2022\/11\/CAPEJ-Illustration-2-1-640x642.png 640w, https:\/\/capej.eu\/wp-content\/uploads\/2022\/11\/CAPEJ-Illustration-2-1-480x481.png 480w, https:\/\/capej.eu\/wp-content\/uploads\/2022\/11\/CAPEJ-Illustration-2-1-140x140.png 140w, https:\/\/capej.eu\/wp-content\/uploads\/2022\/11\/CAPEJ-Illustration-2-1.png 1102w\" sizes=\"auto, (max-width: 300px) 100vw, 300px\" \/><\/div>\n\t\t<\/figure>\n\t<\/div>\n\r\n\t<div class=\"bauer-spacer clearfix\" data-desktop=\"10\" data-mobi=\"10\" data-smobi=\"10\"><\/div><\/div><\/div><\/div><div class=\"wpb_column vc_column_container vc_col-sm-6\"><div class=\"vc_column-inner\"><div class=\"wpb_wrapper\">\r\n\t<div class=\"bauer-spacer clearfix\" data-desktop=\"10\" data-mobi=\"10\" data-smobi=\"10\"><\/div><h3 class=\"bauer-text clearfix  wow fadeInLeft\" style=\"font-size:16px;line-height:60px;color:#203d6f;margin-bottom:30px;\"><h6>After a first phase of capitalization on action-research methodologies, we synthesized and elaborated an action-research approach that could be appropriated by professionals and young people around three important axes in this project: participation, emancipation and action research. Syntheses and video clips clarify these concepts in order to free oneself from representations and constitute an introduction to the project.<span style=\"color: #203d6f;\">\u00a0<\/span><\/h6>\n<\/h3>\r\n\t<div class=\"bauer-spacer clearfix\" data-desktop=\"10\" data-mobi=\"10\" data-smobi=\"10\"><\/div><\/div><\/div><\/div><\/div><\/div><\/section><\/div><div class=\"vc-custom-col-spacing clearfix vc-col-spacing-40\"><section class=\"wpb_row vc_row-fluid vc_custom_1666966900103 vc_row-has-fill row-content-position-Default\"><div class=\"bauer-container\"><div class=\"row-inner clearfix\"><div class=\"wpb_column vc_column_container vc_col-sm-12\"><div class=\"vc_column-inner\"><div class=\"wpb_wrapper\"><h6 class=\"bauer-text clearfix  wow fadeInLeft\" style=\"font-family:Nunito Sans;font-size:18px;line-height:80px;color:#203d6f;margin-bottom:30px;\"><h6>Professionals were trained to accompany these action-research projects in April 2022 in Belgium, and then tested the methodology and tools with nearly fifty young people from the three territories in Savoie during a week in July 2022. These young people, boys and girls, used or not to participatory approaches where they are asked to think deeply, were able to test the pedagogical kit that you will find here. They were able to develop in-depth reflections, to conduct research for action on the subjects that had emerged from their work: violence against women, taking emotions into account in society, negative representations of young people in the neighborhoods, difficulties in the transitions towards autonomy. Both the professionals and the young people were able to find in these approaches another way of working together and taking their place in society, discovering their skills and feeling recognized in their citizenship.<\/h6>\n<\/h6>\r\n\t<div class=\"bauer-spacer clearfix\" data-desktop=\"20\" data-mobi=\"20\" data-smobi=\"20\"><\/div><h6 class=\"bauer-text clearfix  wow fadeInLeft\" style=\"font-family:Nunito Sans;font-size:18px;line-height:80px;color:#203d6f;margin-bottom:30px;\"><h6><strong>Vous trouverez dans ce site la d\u00e9marche g\u00e9n\u00e9rale et les outils pour conduire des recherches-actions avec des jeunes. Cette d\u00e9marche se d\u00e9cline en 7 \u00e9tapes, et pour chacune de celles-ci, une \u00ab fiche-\u00e9tape \u00bb pr\u00e9sente les objectifs et enjeux de l\u2019\u00e9tape, ainsi qu\u2019un d\u00e9roul\u00e9 renvoyant vers des outils concrets pour op\u00e9rationnaliser, mettre en \u0153uvre l\u2019\u00e9tape. Nous restons \u00e0 votre disposition pour vous conseiller dans sa mise en \u0153uvre. Bonne visite !\u00a0<\/strong><\/h6>\n<\/h6>\r\n\t<div class=\"bauer-spacer clearfix\" data-desktop=\"20\" data-mobi=\"20\" data-smobi=\"20\"><\/div><div class=\"button-wrap icon-right\" style=\"\" ><a href=\"http:\/\/capej.eu\/en\/contactez-nous\/\" target=\"_self\" class=\"bauer-button btn-2026643091 medium no_icon custom outline solid custom\" style=\"border-width:1px;\"  data-background=\"#1f3c6e\" data-border=\"#1f3c6e\" data-text=\"#ffffff\" data-text-hover=\"#1f3c6e\" data-background-hover=\"#ffffff\" data-border-hover=\"#1f3c6e\">\r\n\t\t<span style=\"\">Contact us <\/span>\r\n\t<\/a><\/div>\r\n\t<div class=\"bauer-spacer clearfix\" data-desktop=\"40\" data-mobi=\"20\" data-smobi=\"20\"><\/div>\n\t<div  class=\"wpb_single_image wpb_content_element vc_align_center  wpb_animate_when_almost_visible wpb_bottom-to-top bottom-to-top\">\n\t\t\n\t\t<figure class=\"wpb_wrapper vc_figure\">\n\t\t\t<div class=\"vc_single_image-wrapper   vc_box_border_grey\"><img loading=\"lazy\" decoding=\"async\" width=\"1920\" height=\"1080\" src=\"https:\/\/capej.eu\/wp-content\/uploads\/2022\/11\/CAPEJ-Illustration-33.png\" class=\"vc_single_image-img attachment-full\" alt=\"CAPEJ - Chercher et Agir Pour des Politiques Emancipatrices avec les Jeunes\" srcset=\"https:\/\/capej.eu\/wp-content\/uploads\/2022\/11\/CAPEJ-Illustration-33.png 1920w, https:\/\/capej.eu\/wp-content\/uploads\/2022\/11\/CAPEJ-Illustration-33-300x169.png 300w, https:\/\/capej.eu\/wp-content\/uploads\/2022\/11\/CAPEJ-Illustration-33-1024x576.png 1024w, https:\/\/capej.eu\/wp-content\/uploads\/2022\/11\/CAPEJ-Illustration-33-768x432.png 768w, https:\/\/capej.eu\/wp-content\/uploads\/2022\/11\/CAPEJ-Illustration-33-1536x864.png 1536w, https:\/\/capej.eu\/wp-content\/uploads\/2022\/11\/CAPEJ-Illustration-33-870x489.png 870w, https:\/\/capej.eu\/wp-content\/uploads\/2022\/11\/CAPEJ-Illustration-33-640x360.png 640w, https:\/\/capej.eu\/wp-content\/uploads\/2022\/11\/CAPEJ-Illustration-33-480x270.png 480w\" sizes=\"auto, (max-width: 1920px) 100vw, 1920px\" \/><\/div>\n\t\t<\/figure>\n\t<\/div>\n\r\n\t<div class=\"bauer-spacer clearfix\" data-desktop=\"120\" data-mobi=\"60\" data-smobi=\"60\"><\/div><\/div><\/div><\/div><\/div><\/div><\/section><\/div><div class=\"vc-custom-col-spacing clearfix vc-col-spacing-30\"><section class=\"wpb_row vc_row-fluid row-content-position-Default row-equal-height\"><div class=\"bauer-container\"><div class=\"row-inner clearfix\"><div class=\"wpb_column vc_column_container vc_col-sm-12\"><div class=\"vc_column-inner\"><div class=\"wpb_wrapper\">\r\n\t<div class=\"bauer-spacer clearfix\" data-desktop=\"40\" data-mobi=\"40\" data-smobi=\"40\"><\/div><h6 class=\"bauer-text clearfix\" style=\"font-family:Nunito Sans;font-size:24px;line-height:50px;color:#203d6f;margin-bottom:30px;\"><p><strong>Project retrospective...<br \/>\n<\/strong><\/p>\n<\/h6><div class=\"bauer-carousel-box arrow-style-1 arrow-bottom offsetcenter offset-v0 has-bullets has-arrows arrow100 bullet30\" data-auto=\"true\" data-loop=\"true\" data-gap=\"10\" data-column=\"2\" data-column2=\"2\" data-column3=\"1\">\r\n        <div class=\"owl-carousel owl-theme\"><div class=\"bauer-simple-image text-center\" style=\"\" >\r\n\t\t\t<img decoding=\"async\" alt=\"image\" src=\"https:\/\/capej.eu\/wp-content\/uploads\/2022\/11\/Slides-CAPEJ-Ligne-Du-Temps-.jpg\" \/> \r\n\t\t<\/div><div class=\"bauer-simple-image text-center\" style=\"\" >\r\n\t\t\t<img decoding=\"async\" alt=\"image\" src=\"https:\/\/capej.eu\/wp-content\/uploads\/2022\/11\/Slides-CAPEJ-Ligne-Du-Temps-2.jpg\" \/> \r\n\t\t<\/div><div class=\"bauer-simple-image text-center\" style=\"\" >\r\n\t\t\t<img decoding=\"async\" alt=\"image\" src=\"https:\/\/capej.eu\/wp-content\/uploads\/2022\/11\/Slides-CAPEJ-Ligne-Du-Temps-3.jpg\" \/> \r\n\t\t<\/div><div class=\"bauer-simple-image text-center\" style=\"\" >\r\n\t\t\t<img decoding=\"async\" alt=\"image\" src=\"https:\/\/capej.eu\/wp-content\/uploads\/2022\/11\/Slides-CAPEJ-Ligne-Du-Temps-4.jpg\" \/> \r\n\t\t<\/div><div class=\"bauer-simple-image text-center\" style=\"\" >\r\n\t\t\t<img decoding=\"async\" alt=\"image\" src=\"https:\/\/capej.eu\/wp-content\/uploads\/2022\/11\/Slides-CAPEJ-Ligne-Du-Temps-5.jpg\" \/> \r\n\t\t<\/div><div class=\"bauer-simple-image text-center\" style=\"\" >\r\n\t\t\t<img decoding=\"async\" alt=\"image\" src=\"https:\/\/capej.eu\/wp-content\/uploads\/2022\/11\/Slides-CAPEJ-Ligne-Du-Temps-6.jpg\" \/> \r\n\t\t<\/div><div class=\"bauer-simple-image text-center\" style=\"\" >\r\n\t\t\t<img decoding=\"async\" alt=\"image\" src=\"https:\/\/capej.eu\/wp-content\/uploads\/2022\/11\/Slides-CAPEJ-Ligne-Du-Temps-7.jpg\" \/> \r\n\t\t<\/div><div class=\"bauer-simple-image text-center\" style=\"\" >\r\n\t\t\t<img decoding=\"async\" alt=\"image\" src=\"https:\/\/capej.eu\/wp-content\/uploads\/2022\/11\/Slides-CAPEJ-Ligne-Du-Temps-8.jpg\" \/> \r\n\t\t<\/div><\/div>\r\n\t<\/div>\r\n\t<div class=\"bauer-spacer clearfix\" data-desktop=\"40\" data-mobi=\"20\" data-smobi=\"20\"><\/div>\n\t<div  class=\"wpb_single_image wpb_content_element vc_align_left\">\n\t\t\n\t\t<figure class=\"wpb_wrapper vc_figure\">\n\t\t\t<div class=\"vc_single_image-wrapper   vc_box_border_grey\"><img loading=\"lazy\" decoding=\"async\" width=\"4062\" height=\"583\" src=\"https:\/\/capej.eu\/wp-content\/uploads\/2022\/10\/CAPEJ-Ligne-Du-Temps.png\" class=\"vc_single_image-img attachment-full\" alt=\"\" srcset=\"https:\/\/capej.eu\/wp-content\/uploads\/2022\/10\/CAPEJ-Ligne-Du-Temps.png 4062w, https:\/\/capej.eu\/wp-content\/uploads\/2022\/10\/CAPEJ-Ligne-Du-Temps-300x43.png 300w, https:\/\/capej.eu\/wp-content\/uploads\/2022\/10\/CAPEJ-Ligne-Du-Temps-1024x147.png 1024w, https:\/\/capej.eu\/wp-content\/uploads\/2022\/10\/CAPEJ-Ligne-Du-Temps-768x110.png 768w, https:\/\/capej.eu\/wp-content\/uploads\/2022\/10\/CAPEJ-Ligne-Du-Temps-1536x220.png 1536w, https:\/\/capej.eu\/wp-content\/uploads\/2022\/10\/CAPEJ-Ligne-Du-Temps-2048x294.png 2048w, https:\/\/capej.eu\/wp-content\/uploads\/2022\/10\/CAPEJ-Ligne-Du-Temps-870x125.png 870w, https:\/\/capej.eu\/wp-content\/uploads\/2022\/10\/CAPEJ-Ligne-Du-Temps-640x92.png 640w, https:\/\/capej.eu\/wp-content\/uploads\/2022\/10\/CAPEJ-Ligne-Du-Temps-480x69.png 480w\" sizes=\"auto, (max-width: 4062px) 100vw, 4062px\" \/><\/div>\n\t\t<\/figure>\n\t<\/div>\n\r\n\t<div class=\"bauer-spacer clearfix\" data-desktop=\"100\" data-mobi=\"60\" data-smobi=\"60\"><\/div><\/div><\/div><\/div><\/div><\/div><\/section><\/div>","protected":false},"excerpt":{"rendered":"LE PROJET CAPEJ Le projet Chercher et Agir pour des Politiques Emancipatrices avec les Jeunes - CAPEJ, financ\u00e9 par Erasmus+, men\u00e9 de septembre 2020 \u00e0 d\u00e9cembre 2022, a r\u00e9uni trois partenaires, une structure de Protection de l\u2019Enfance (SEAS \u00e0 Chamb\u00e9ry) et deux instituts de recherche Belge et Fran\u00e7ais (OEJAJ \u00e0","protected":false},"author":2,"featured_media":0,"parent":0,"menu_order":0,"comment_status":"closed","ping_status":"closed","template":"","meta":{"footnotes":""},"class_list":["post-9722","page","type-page","status-publish","hentry"],"aioseo_notices":[],"jetpack_sharing_enabled":true,"_links":{"self":[{"href":"https:\/\/capej.eu\/en\/wp-json\/wp\/v2\/pages\/9722","targetHints":{"allow":["GET"]}}],"collection":[{"href":"https:\/\/capej.eu\/en\/wp-json\/wp\/v2\/pages"}],"about":[{"href":"https:\/\/capej.eu\/en\/wp-json\/wp\/v2\/types\/page"}],"author":[{"embeddable":true,"href":"https:\/\/capej.eu\/en\/wp-json\/wp\/v2\/users\/2"}],"replies":[{"embeddable":true,"href":"https:\/\/capej.eu\/en\/wp-json\/wp\/v2\/comments?post=9722"}],"version-history":[{"count":134,"href":"https:\/\/capej.eu\/en\/wp-json\/wp\/v2\/pages\/9722\/revisions"}],"predecessor-version":[{"id":9782,"href":"https:\/\/capej.eu\/en\/wp-json\/wp\/v2\/pages\/9722\/revisions\/9782"}],"wp:attachment":[{"href":"https:\/\/capej.eu\/en\/wp-json\/wp\/v2\/media?parent=9722"}],"curies":[{"name":"wp","href":"https:\/\/api.w.org\/{rel}","templated":true}]}}