{"id":10576,"date":"2022-11-02T17:38:58","date_gmt":"2022-11-02T16:38:58","guid":{"rendered":"http:\/\/capej.eu\/?page_id=10576"},"modified":"2023-04-20T16:32:04","modified_gmt":"2023-04-20T14:32:04","slug":"fiche-transversale","status":"publish","type":"page","link":"https:\/\/capej.eu\/en\/fiche-transversale\/","title":{"rendered":"Transversal sheet"},"content":{"rendered":"<div class=\"vc-custom-col-spacing clearfix vc-col-spacing-40\"><section id=\"first-row\" class=\"wpb_row vc_row-fluid wpb_animate_when_almost_visible wpb_right-to-left right-to-left vc_custom_1667469277927 vc_row-has-fill row-content-position-Default\"><div class=\"bauer-container\"><div class=\"row-inner clearfix\"><div class=\"wpb_column vc_column_container vc_col-sm-12\"><div class=\"vc_column-inner\"><div class=\"wpb_wrapper\">\r\n\t<div class=\"bauer-spacer clearfix\" data-desktop=\"60\" data-mobi=\"40\" data-smobi=\"40\"><\/div><div class=\"bauer-single-heading clearfix\" style=\"margin-bottom:24px;\"><span class=\"inner\"><span class=\"heading clearfix\" style=\"font-weight:800;color:#3a6d46;font-family:Nunito Sans;font-size:24px;\">\r\n\t\tTRANSVERSAL SHEET\r\n\t<\/span><\/span><\/div>\r\n\t<div class=\"bauer-spacer clearfix\" data-desktop=\"40\" data-mobi=\"40\" data-smobi=\"40\"><\/div>\n\t<div class=\"wpb_text_column wpb_content_element\" >\n\t\t<div class=\"wpb_wrapper\">\n\t\t\t<p><strong>French version<br \/>\n<\/strong><\/p>\n\n\t\t<\/div>\n\t<\/div>\n\n\t<div class=\"wpb_text_column wpb_content_element\" >\n\t\t<div class=\"wpb_wrapper\">\n\t\t\t<p><code><div class=\"df-element df-lite\"  data-slug=\"fiche-transversale\" data-_slug=\"fiche-transversale\" data-title=\"fiche-transversale\" id=\"df_11544\" data-option=\"df_option_11544\" ><\/div><script class=\"df-shortcode-script\" type=\"application\/javascript\">window.df_option_11544 = {\"source\":\"https:\\\/\\\/capej.eu\\\/wp-content\\\/uploads\\\/2023\\\/04\\\/CAPEJ-Fiche-Transversale-DEF-FR.pdf\",\"viewerType\":\"reader\",\"showDownloadControl\":true,\"slug\":\"fiche-transversale\",\"id\":11544}; if(window.DEARPDF && window.DEARPDF.parseElements){window.DEARPDF.parseElements();}<\/script><\/code><\/p>\n\n\t\t<\/div>\n\t<\/div>\n\r\n\t<div class=\"bauer-spacer clearfix\" data-desktop=\"20\" data-mobi=\"20\" data-smobi=\"20\"><\/div><div class=\"vc_btn3-container vc_btn3-center\" ><a class=\"vc_general vc_btn3 vc_btn3-size-md vc_btn3-shape-rounded vc_btn3-style-flat vc_btn3-color-white\" href=\"https:\/\/capej.eu\/wp-content\/uploads\/2023\/04\/CAPEJ-Guidelines-DEF-ENG.pdf\" title=\"\">Download the file<\/a><\/div>\r\n\t<div class=\"bauer-spacer clearfix\" data-desktop=\"60\" data-mobi=\"40\" data-smobi=\"40\"><\/div>\n\t<div class=\"wpb_text_column wpb_content_element\" >\n\t\t<div class=\"wpb_wrapper\">\n\t\t\t<p><strong>English version<br \/>\n<\/strong><\/p>\n\n\t\t<\/div>\n\t<\/div>\n\n\t<div class=\"wpb_text_column wpb_content_element\" >\n\t\t<div class=\"wpb_wrapper\">\n\t\t\t<p><code><div class=\"df-element df-lite\"  data-slug=\"guidelines\" data-_slug=\"guidelines\" data-title=\"guidelines\" id=\"df_11551\" data-option=\"df_option_11551\" ><\/div><script class=\"df-shortcode-script\" type=\"application\/javascript\">window.df_option_11551 = {\"source\":\"https:\\\/\\\/capej.eu\\\/wp-content\\\/uploads\\\/2023\\\/04\\\/CAPEJ-Guidelines-DEF-ENG.pdf\",\"viewerType\":\"reader\",\"slug\":\"guidelines\",\"id\":11551}; if(window.DEARPDF && window.DEARPDF.parseElements){window.DEARPDF.parseElements();}<\/script><\/code><\/p>\n\n\t\t<\/div>\n\t<\/div>\n\r\n\t<div class=\"bauer-spacer clearfix\" data-desktop=\"40\" data-mobi=\"40\" data-smobi=\"40\"><\/div><div class=\"vc_btn3-container vc_btn3-center\" ><a class=\"vc_general vc_btn3 vc_btn3-size-md vc_btn3-shape-rounded vc_btn3-style-flat vc_btn3-color-white\" href=\"https:\/\/capej.eu\/wp-content\/uploads\/2023\/04\/CAPEJ-Guidelines-DEF-ENG.pdf\" title=\"\">Download the file<\/a><\/div><\/div><\/div><\/div><\/div><\/div><\/section><\/div><div class=\"vc-custom-col-spacing clearfix vc-col-spacing-30\"><section class=\"wpb_row vc_row-fluid vc_custom_1667407319356 vc_row-has-fill row-content-position-Default\"><div class=\"bauer-container\"><div class=\"row-inner clearfix\"><div class=\"wpb_column vc_column_container vc_col-sm-12\"><div class=\"vc_column-inner\"><div class=\"wpb_wrapper\">\r\n\t<div class=\"bauer-spacer clearfix\" data-desktop=\"100\" data-mobi=\"50\" data-smobi=\"50\"><\/div>\n\t<div  class=\"wpb_single_image wpb_content_element vc_align_left\">\n\t\t\n\t\t<figure class=\"wpb_wrapper vc_figure\">\n\t\t\t<div class=\"vc_single_image-wrapper   vc_box_border_grey\"><img loading=\"lazy\" decoding=\"async\" width=\"1920\" height=\"1080\" src=\"https:\/\/capej.eu\/wp-content\/uploads\/2022\/11\/CAPEJ-Illustration-22.png\" class=\"vc_single_image-img attachment-full\" alt=\"CAPEJ - Chercher et Agir Pour des Politiques Emancipatrices avec les Jeunes\" srcset=\"https:\/\/capej.eu\/wp-content\/uploads\/2022\/11\/CAPEJ-Illustration-22.png 1920w, https:\/\/capej.eu\/wp-content\/uploads\/2022\/11\/CAPEJ-Illustration-22-300x169.png 300w, https:\/\/capej.eu\/wp-content\/uploads\/2022\/11\/CAPEJ-Illustration-22-1024x576.png 1024w, https:\/\/capej.eu\/wp-content\/uploads\/2022\/11\/CAPEJ-Illustration-22-768x432.png 768w, https:\/\/capej.eu\/wp-content\/uploads\/2022\/11\/CAPEJ-Illustration-22-1536x864.png 1536w, https:\/\/capej.eu\/wp-content\/uploads\/2022\/11\/CAPEJ-Illustration-22-870x489.png 870w, https:\/\/capej.eu\/wp-content\/uploads\/2022\/11\/CAPEJ-Illustration-22-640x360.png 640w, https:\/\/capej.eu\/wp-content\/uploads\/2022\/11\/CAPEJ-Illustration-22-480x270.png 480w\" sizes=\"auto, (max-width: 1920px) 100vw, 1920px\" \/><\/div>\n\t\t<\/figure>\n\t<\/div>\n<\/div><\/div><\/div><\/div><\/div><\/section><\/div>","protected":false},"excerpt":{"rendered":"FICHE TRANSVERSALE Version fran\u00e7aise T\u00e9l\u00e9charger la fiche Version Anglaise T\u00e9l\u00e9charger la fiche","protected":false},"author":2,"featured_media":0,"parent":0,"menu_order":0,"comment_status":"closed","ping_status":"closed","template":"","meta":{"footnotes":""},"class_list":["post-10576","page","type-page","status-publish","hentry"],"aioseo_notices":[],"jetpack_sharing_enabled":true,"_links":{"self":[{"href":"https:\/\/capej.eu\/en\/wp-json\/wp\/v2\/pages\/10576","targetHints":{"allow":["GET"]}}],"collection":[{"href":"https:\/\/capej.eu\/en\/wp-json\/wp\/v2\/pages"}],"about":[{"href":"https:\/\/capej.eu\/en\/wp-json\/wp\/v2\/types\/page"}],"author":[{"embeddable":true,"href":"https:\/\/capej.eu\/en\/wp-json\/wp\/v2\/users\/2"}],"replies":[{"embeddable":true,"href":"https:\/\/capej.eu\/en\/wp-json\/wp\/v2\/comments?post=10576"}],"version-history":[{"count":22,"href":"https:\/\/capej.eu\/en\/wp-json\/wp\/v2\/pages\/10576\/revisions"}],"predecessor-version":[{"id":11605,"href":"https:\/\/capej.eu\/en\/wp-json\/wp\/v2\/pages\/10576\/revisions\/11605"}],"wp:attachment":[{"href":"https:\/\/capej.eu\/en\/wp-json\/wp\/v2\/media?parent=10576"}],"curies":[{"name":"wp","href":"https:\/\/api.w.org\/{rel}","templated":true}]}}