{"id":10568,"date":"2022-11-02T17:31:12","date_gmt":"2022-11-02T16:31:12","guid":{"rendered":"http:\/\/capej.eu\/?page_id=10568"},"modified":"2023-04-21T16:10:03","modified_gmt":"2023-04-21T14:10:03","slug":"le-document-de-cadrage","status":"publish","type":"page","link":"https:\/\/capej.eu\/en\/le-document-de-cadrage\/","title":{"rendered":"The framing document"},"content":{"rendered":"<div class=\"vc-custom-col-spacing clearfix vc-col-spacing-30\"><section class=\"wpb_row vc_row-fluid wpb_animate_when_almost_visible wpb_bottom-to-top bottom-to-top vc_custom_1667425962051 vc_row-has-fill no-padding row-content-position-Default\"><div class=\"row-inner clearfix\"><div class=\"wpb_column vc_column_container vc_col-sm-12\"><div class=\"vc_column-inner\"><div class=\"wpb_wrapper\"><div class=\"bauer-content-box clearfix\"  data-margin=\"0% 6% 0% 6%\"><div class=\"vc-custom-col-inner-spacing clearfix vc-col-inner-spacing-30\"><div class=\"wpb_row vc_inner vc_row-fluid\"><div class=\"wpb_column vc_column_container vc_col-sm-12 vc_col-has-fill\"><div class=\"vc_column-inner vc_custom_1667230805861\"><div class=\"wpb_wrapper\">\r\n\t<div class=\"bauer-spacer clearfix\" data-desktop=\"80\" data-mobi=\"20\" data-smobi=\"20\"><\/div><h6 class=\"bauer-text clearfix\" style=\"font-family:Nunito Sans;font-weight:800;font-size:34px;color:#e8bc28;\"><p><strong>The framing document<br \/>\n<\/strong><\/p>\n<\/h6>\n\t<div class=\"wpb_text_column wpb_content_element\" >\n\t\t<div class=\"wpb_wrapper\">\n\t\t\t<p style=\"text-align: left;\"><span style=\"color: #ffffff;\">The framing document at a glance borrows the codes of the project methodology to allow you to configure the action-research and to find your way through the different stages of the process, each of which is essential to the conduct of an action-research. This document also allows you to visualize the tools in the pedagogical kit that you will be able to use as the process unfolds. A blank one can be downloaded and completed digitally (editable pdf).\u00a0<\/span><\/p>\n\n\t\t<\/div>\n\t<\/div>\n<div class=\"bauer-align-box text-center\">\r\n\t<div class=\"bauer-spacer clearfix\" data-desktop=\"40\" data-mobi=\"20\" data-smobi=\"20\"><\/div>\n\t<div class=\"wpb_text_column wpb_content_element\" >\n\t\t<div class=\"wpb_wrapper\">\n\t\t\t<p style=\"text-align: left;\"><span style=\"color: #ffffff;\"><strong>French version:<\/strong><\/span><\/p>\n\n\t\t<\/div>\n\t<\/div>\n\r\n\t<div class=\"bauer-spacer clearfix\" data-desktop=\"20\" data-mobi=\"10\" data-smobi=\"10\"><\/div>\n\t<div class=\"wpb_text_column wpb_content_element\" >\n\t\t<div class=\"wpb_wrapper\">\n\t\t\t<p><code class=\"plain\"><iframe loading=\"lazy\" class=\"wonderplugin-pdf-iframe\" src=\"https:\/\/capej.eu\/wp-content\/plugins\/wonderplugin-pdf-embed\/pdfjslight\/web\/viewer.html?v=2&disableprint=1&file=https:\/\/capej.eu\/wp-content\/uploads\/2023\/04\/CAPEJ-Document-De-Cadrage-DEF-FR.pdf\" width=\"100%\" height=\"600px\" style=\"border:0;\"><\/iframe><\/code><\/p>\n\n\t\t<\/div>\n\t<\/div>\n\r\n\t<div class=\"bauer-spacer clearfix\" data-desktop=\"40\" data-mobi=\"20\" data-smobi=\"20\"><\/div><\/div><div class=\"bauer-align-box text-center\">\r\n\t<div class=\"bauer-spacer clearfix\" data-desktop=\"40\" data-mobi=\"20\" data-smobi=\"20\"><\/div>\n\t<div class=\"wpb_text_column wpb_content_element\" >\n\t\t<div class=\"wpb_wrapper\">\n\t\t\t<p style=\"text-align: left;\"><span style=\"color: #ffffff;\"><strong>English version:<\/strong><\/span><\/p>\n\n\t\t<\/div>\n\t<\/div>\n\r\n\t<div class=\"bauer-spacer clearfix\" data-desktop=\"20\" data-mobi=\"10\" data-smobi=\"10\"><\/div>\n\t<div class=\"wpb_text_column wpb_content_element\" >\n\t\t<div class=\"wpb_wrapper\">\n\t\t\t<p><code class=\"plain\"><iframe loading=\"lazy\" class=\"wonderplugin-pdf-iframe\" src=\"https:\/\/capej.eu\/wp-content\/plugins\/wonderplugin-pdf-embed\/pdfjslight\/web\/viewer.html?v=2&disableprint=1&file=https:\/\/capej.eu\/wp-content\/uploads\/2023\/04\/CAPEJ-Framework-Document-DEF-ENG.pdf\" width=\"100%\" height=\"600px\" style=\"border:0;\"><\/iframe><\/code><\/p>\n\n\t\t<\/div>\n\t<\/div>\n\r\n\t<div class=\"bauer-spacer clearfix\" data-desktop=\"40\" data-mobi=\"20\" data-smobi=\"20\"><\/div><\/div><\/div><\/div><\/div><\/div><\/div><\/div><div class=\"wpb_column vc_column_container vc_col-sm-6\"><div class=\"vc_column-inner\"><div class=\"wpb_wrapper\"><\/div><\/div><\/div><div class=\"wpb_column vc_column_container vc_col-sm-6\"><div class=\"vc_column-inner\"><div class=\"wpb_wrapper\"><\/div><\/div><\/div><\/div><\/div><\/div><\/div><\/section><\/div><div class=\"vc-custom-col-spacing clearfix vc-col-spacing-30\"><section class=\"wpb_row vc_row-fluid vc_custom_1667425966931 vc_row-has-fill row-content-position-Default\"><div class=\"bauer-container\"><div class=\"row-inner clearfix\"><div class=\"wpb_column vc_column_container vc_col-sm-6\"><div class=\"vc_column-inner\"><div class=\"wpb_wrapper\">\r\n\t<div class=\"bauer-spacer clearfix\" data-desktop=\"40\" data-mobi=\"20\" data-smobi=\"20\"><\/div><div class=\"button-wrap icon-right wow fadeInDown\" style=\"display: block; text-align: center;\"  data-wow-duration=\"0.75s\" data-wow-delay=\"0.3s\"><a href=\"https:\/\/capej.eu\/wp-content\/uploads\/2023\/04\/CAPEJ-Framework-Document-DEF-ENG.pdf\" target=\"_blank\" class=\"bauer-button btn-676128064 big no_icon custom outline solid custom\" style=\"display: block; text-align: center;margin:20px;font-weight:700;font-size:11px;border-radius:80px;border-width:1px;font-family:Nunito Sans;\"  data-background=\"#ffffff\" data-border=\"#203d6f\" data-text=\"#203d6f\" data-text-hover=\"#ffffff\" data-background-hover=\"#203d6f\" data-border-hover=\"#ffffff\">\r\n\t\t<span style=\"\">DOWNLOAD THE DOCUMENT <\/span>\r\n\t<\/a><\/div>\r\n\t<div class=\"bauer-spacer clearfix\" data-desktop=\"40\" data-mobi=\"20\" data-smobi=\"20\"><\/div><\/div><\/div><\/div><div class=\"wpb_column vc_column_container vc_col-sm-6\"><div class=\"vc_column-inner\"><div class=\"wpb_wrapper\">\r\n\t<div class=\"bauer-spacer clearfix\" data-desktop=\"40\" data-mobi=\"20\" data-smobi=\"20\"><\/div><div class=\"button-wrap icon-right wow fadeInDown\" style=\"display: block; text-align: center;\"  data-wow-duration=\"0.75s\" data-wow-delay=\"0.3s\"><a href=\"https:\/\/capej.eu\/wp-content\/uploads\/2023\/04\/CAPEJ-Framework-Document-BLANK-DEF-ENG.pdf\" target=\"_blank\" class=\"bauer-button btn-1694287100 big no_icon custom outline solid custom\" style=\"display: block; text-align: center;margin:20px;font-weight:700;font-size:11px;border-radius:80px;border-width:1px;font-family:Nunito Sans;\"  data-background=\"#ffffff\" data-border=\"#203d6f\" data-text=\"#203d6f\" data-text-hover=\"#ffffff\" data-background-hover=\"#203d6f\" data-border-hover=\"#ffffff\">\r\n\t\t<span style=\"\">BLANK TEMPLATE (EDITABLE PDF) <\/span>\r\n\t<\/a><\/div>\r\n\t<div class=\"bauer-spacer clearfix\" data-desktop=\"40\" data-mobi=\"20\" data-smobi=\"20\"><\/div><\/div><\/div><\/div><\/div><\/div><\/section><\/div><div class=\"vc-custom-col-spacing clearfix vc-col-spacing-40\"><section class=\"wpb_row vc_row-fluid vc_custom_1666955409190 vc_row-has-fill row-content-position-Default\"><div class=\"bauer-container\"><div class=\"row-inner clearfix\"><div class=\"wpb_column vc_column_container vc_col-sm-6\"><div class=\"vc_column-inner\"><div class=\"wpb_wrapper\">\r\n\t<div class=\"bauer-spacer clearfix\" data-desktop=\"60\" data-mobi=\"40\" data-smobi=\"40\"><\/div>\n\t<div  class=\"wpb_single_image wpb_content_element vc_align_center\">\n\t\t\n\t\t<figure class=\"wpb_wrapper vc_figure\">\n\t\t\t<div class=\"vc_single_image-wrapper   vc_box_border_grey\"><img loading=\"lazy\" decoding=\"async\" width=\"1529\" height=\"935\" src=\"https:\/\/capej.eu\/wp-content\/uploads\/2022\/10\/CAPEJ-Illustration-Fiche-Outils-Malette.png\" class=\"vc_single_image-img attachment-full\" alt=\"CAPEJ - Chercher et Agir Pour des Politiques Emancipatrices avec les Jeunes\" srcset=\"https:\/\/capej.eu\/wp-content\/uploads\/2022\/10\/CAPEJ-Illustration-Fiche-Outils-Malette.png 1529w, https:\/\/capej.eu\/wp-content\/uploads\/2022\/10\/CAPEJ-Illustration-Fiche-Outils-Malette-300x183.png 300w, https:\/\/capej.eu\/wp-content\/uploads\/2022\/10\/CAPEJ-Illustration-Fiche-Outils-Malette-1024x626.png 1024w, https:\/\/capej.eu\/wp-content\/uploads\/2022\/10\/CAPEJ-Illustration-Fiche-Outils-Malette-768x470.png 768w, https:\/\/capej.eu\/wp-content\/uploads\/2022\/10\/CAPEJ-Illustration-Fiche-Outils-Malette-870x532.png 870w, https:\/\/capej.eu\/wp-content\/uploads\/2022\/10\/CAPEJ-Illustration-Fiche-Outils-Malette-640x391.png 640w, https:\/\/capej.eu\/wp-content\/uploads\/2022\/10\/CAPEJ-Illustration-Fiche-Outils-Malette-480x294.png 480w\" sizes=\"auto, (max-width: 1529px) 100vw, 1529px\" \/><\/div>\n\t\t<\/figure>\n\t<\/div>\n\r\n\t<div class=\"bauer-spacer clearfix\" data-desktop=\"60\" data-mobi=\"40\" data-smobi=\"40\"><\/div><\/div><\/div><\/div><div class=\"wpb_column vc_column_container vc_col-sm-6\"><div class=\"vc_column-inner\"><div class=\"wpb_wrapper\">\r\n\t<div class=\"bauer-spacer clearfix\" data-desktop=\"100\" data-mobi=\"60\" data-smobi=\"60\"><\/div><div class=\"bauer-single-heading clearfix  wow fadeInUp\" style=\"margin-bottom:24px;\"><span class=\"inner\"><span class=\"heading clearfix\" style=\"font-weight:800;color:#3a6d46;font-family:Nunito Sans;font-size:24px;\">\r\n\t\tACCESSING ALL THE ACTION-RESEARCH MATERIAL\r\n\t<\/span><\/span><\/div><div class=\"button-wrap icon-right wow fadeInUp\" style=\"\"  data-wow-duration=\"0.75s\" data-wow-delay=\"0.3s\"><a href=\"http:\/\/capej.eu\/en\/toutes-les-ressources\/\" target=\"_blank\" class=\"bauer-button btn-1726924536 big no_icon custom outline solid custom\" style=\"margin:0px;font-weight:700;font-size:14px;border-radius:80px;border-width:1px;font-family:Nunito Sans;\"  data-background=\"#203d6f\" data-border=\"#203d6f\" data-text=\"#ffffff\" data-text-hover=\"#203d6f\" data-background-hover=\"#ffffff\" data-border-hover=\"#203d6f\">\r\n\t\t<span style=\"\">ALL RESOURCES <\/span>\r\n\t<\/a><\/div>\r\n\t<div class=\"bauer-spacer clearfix\" data-desktop=\"60\" data-mobi=\"40\" data-smobi=\"40\"><\/div><\/div><\/div><\/div><\/div><\/div><\/section><\/div>","protected":false},"excerpt":{"rendered":"Le document de cadrage Le doc\u2019 de cadrage en un coup d\u2019oeil emprunte les codes de la m\u00e9thodologie de projet pour vous permettre de configurer la recherche-action et de vous rep\u00e9rer dans les diff\u00e9rentes \u00e9tapes du processus, chacune d\u2019entre-elles \u00e9tant indispensable \u00e0 la conduite d\u2019une recherche-action. Ce document vous permet","protected":false},"author":2,"featured_media":0,"parent":0,"menu_order":0,"comment_status":"closed","ping_status":"closed","template":"","meta":{"footnotes":""},"class_list":["post-10568","page","type-page","status-publish","hentry"],"aioseo_notices":[],"jetpack_sharing_enabled":true,"_links":{"self":[{"href":"https:\/\/capej.eu\/en\/wp-json\/wp\/v2\/pages\/10568","targetHints":{"allow":["GET"]}}],"collection":[{"href":"https:\/\/capej.eu\/en\/wp-json\/wp\/v2\/pages"}],"about":[{"href":"https:\/\/capej.eu\/en\/wp-json\/wp\/v2\/types\/page"}],"author":[{"embeddable":true,"href":"https:\/\/capej.eu\/en\/wp-json\/wp\/v2\/users\/2"}],"replies":[{"embeddable":true,"href":"https:\/\/capej.eu\/en\/wp-json\/wp\/v2\/comments?post=10568"}],"version-history":[{"count":54,"href":"https:\/\/capej.eu\/en\/wp-json\/wp\/v2\/pages\/10568\/revisions"}],"predecessor-version":[{"id":11672,"href":"https:\/\/capej.eu\/en\/wp-json\/wp\/v2\/pages\/10568\/revisions\/11672"}],"wp:attachment":[{"href":"https:\/\/capej.eu\/en\/wp-json\/wp\/v2\/media?parent=10568"}],"curies":[{"name":"wp","href":"https:\/\/api.w.org\/{rel}","templated":true}]}}