{"id":10361,"date":"2022-11-01T19:12:31","date_gmt":"2022-11-01T18:12:31","guid":{"rendered":"http:\/\/capej.eu\/?page_id=10361"},"modified":"2023-04-20T16:51:43","modified_gmt":"2023-04-20T14:51:43","slug":"etape-2","status":"publish","type":"page","link":"https:\/\/capej.eu\/en\/etape-2\/","title":{"rendered":"Step 2"},"content":{"rendered":"<div class=\"vc-custom-col-spacing clearfix vc-col-spacing-40\"><section id=\"first-row\" class=\"wpb_row vc_row-fluid vc_custom_1681758285563 vc_row-has-fill row-content-position-Default\"><div class=\"bauer-container\"><div class=\"row-inner clearfix\"><div class=\"wpb_column vc_column_container vc_col-sm-6\"><div class=\"vc_column-inner\"><div class=\"wpb_wrapper\">\r\n\t<div class=\"bauer-spacer clearfix\" data-desktop=\"40\" data-mobi=\"20\" data-smobi=\"20\"><\/div><div class=\"bauer-single-heading clearfix\" style=\"\"><span class=\"inner\"><span class=\"heading clearfix\" style=\"font-weight:800;color:#e9bd29;font-family:Nunito Sans;font-size:34px;\">\r\n\t\tSTEP 2\r\n\t<\/span><\/span><\/div><div class=\"bauer-single-heading clearfix\" style=\"\"><span class=\"inner\"><span class=\"heading clearfix\" style=\"font-weight:800;color:#ffffff;font-family:Nunito Sans;font-size:24px;\">\r\n\t\tThe exploration\r\n\t<\/span><\/span><\/div>\r\n\t<div class=\"bauer-spacer clearfix\" data-desktop=\"40\" data-mobi=\"20\" data-smobi=\"20\"><\/div><\/div><\/div><\/div><div class=\"wpb_column vc_column_container vc_col-sm-6\"><div class=\"vc_column-inner\"><div class=\"wpb_wrapper\">\r\n\t<div class=\"bauer-spacer clearfix\" data-desktop=\"60\" data-mobi=\"40\" data-smobi=\"40\"><\/div><div class=\"button-wrap icon-right\" style=\"\" ><a href=\"http:\/\/capej.eu\/en\/etape-1\/\" target=\"_self\" class=\"bauer-button btn-1751102173 small no_icon custom outline solid custom\" style=\"font-weight:700;font-size:14px;border-radius:80px;border-width:1px;font-family:Nunito Sans;\"  data-background=\"\" data-border=\"#ffffff\" data-text=\"#ffffff\" data-text-hover=\"#203d6f\" data-background-hover=\"#ffffff\" data-border-hover=\"#203d6f\">\r\n\t\t<span style=\"\">previous step <\/span>\r\n\t<\/a><\/div><div class=\"button-wrap icon-right\" style=\"\" ><a href=\"http:\/\/capej.eu\/en\/etape-3\/\" target=\"_self\" class=\"bauer-button btn-1635343472 small no_icon custom outline solid custom\" style=\"margin:10px 10px 10px 10px;font-weight:700;font-size:14px;border-radius:80px;border-width:1px;font-family:Nunito Sans;\"  data-background=\"\" data-border=\"#ffffff\" data-text=\"#ffffff\" data-text-hover=\"#203d6f\" data-background-hover=\"#ffffff\" data-border-hover=\"#203d6f\">\r\n\t\t<span style=\"\">next step <\/span>\r\n\t<\/a><\/div><\/div><\/div><\/div><\/div><\/div><\/section><\/div><div class=\"vc-custom-col-spacing clearfix vc-col-spacing-40\"><section class=\"wpb_row vc_row-fluid vc_custom_1667493283715 vc_row-has-fill row-content-position-Default\"><div class=\"bauer-container\"><div class=\"row-inner clearfix\"><div class=\"wpb_column vc_column_container vc_col-sm-6\"><div class=\"vc_column-inner\"><div class=\"wpb_wrapper\">\r\n\t<div class=\"bauer-spacer clearfix\" data-desktop=\"60\" data-mobi=\"40\" data-smobi=\"40\"><\/div>\n\t<div  class=\"wpb_single_image wpb_content_element vc_align_center  wpb_animate_when_almost_visible wpb_left-to-right left-to-right\">\n\t\t\n\t\t<figure class=\"wpb_wrapper vc_figure\">\n\t\t\t<div class=\"vc_single_image-wrapper   vc_box_border_grey\"><img loading=\"lazy\" decoding=\"async\" width=\"818\" height=\"1626\" src=\"https:\/\/capej.eu\/wp-content\/uploads\/2022\/11\/Document-De-Cadrage-DEF-ENG3.png\" class=\"vc_single_image-img attachment-full\" alt=\"\" srcset=\"https:\/\/capej.eu\/wp-content\/uploads\/2022\/11\/Document-De-Cadrage-DEF-ENG3.png 837w, https:\/\/capej.eu\/wp-content\/uploads\/2022\/11\/Document-De-Cadrage-DEF-ENG3-155x300.png 155w, https:\/\/capej.eu\/wp-content\/uploads\/2022\/11\/Document-De-Cadrage-DEF-ENG3-528x1024.png 528w, https:\/\/capej.eu\/wp-content\/uploads\/2022\/11\/Document-De-Cadrage-DEF-ENG3-768x1488.png 768w, https:\/\/capej.eu\/wp-content\/uploads\/2022\/11\/Document-De-Cadrage-DEF-ENG3-793x1536.png 793w, https:\/\/capej.eu\/wp-content\/uploads\/2022\/11\/Document-De-Cadrage-DEF-ENG3-6x12.png 6w, https:\/\/capej.eu\/wp-content\/uploads\/2022\/11\/Document-De-Cadrage-DEF-ENG3-640x1240.png 640w, https:\/\/capej.eu\/wp-content\/uploads\/2022\/11\/Document-De-Cadrage-DEF-ENG3-480x930.png 480w\" sizes=\"auto, (max-width: 818px) 100vw, 818px\" \/><\/div>\n\t\t<\/figure>\n\t<\/div>\n\r\n\t<div class=\"bauer-spacer clearfix\" data-desktop=\"60\" data-mobi=\"40\" data-smobi=\"40\"><\/div>\n\t<div class=\"wpb_text_column wpb_content_element\" >\n\t\t<div class=\"wpb_wrapper\">\n\t\t\t<p style=\"text-align: left;\">Figure adapted from Van Campenhoudt, L., Marquet, J., &amp; Quivy R. (2017).<br \/>\nManuel de recherche en sciences sociales (5th ed.). Paris : Dunod.<\/p>\n\n\t\t<\/div>\n\t<\/div>\n\r\n\t<div class=\"bauer-spacer clearfix\" data-desktop=\"60\" data-mobi=\"40\" data-smobi=\"40\"><\/div><\/div><\/div><\/div><div class=\"wpb_column vc_column_container vc_col-sm-6 vc_col-has-fill\"><div class=\"vc_column-inner vc_custom_1667472193808\"><div class=\"wpb_wrapper\">\r\n\t<div class=\"bauer-spacer clearfix\" data-desktop=\"40\" data-mobi=\"40\" data-smobi=\"40\"><\/div>\n\t<div class=\"wpb_text_column wpb_content_element\" >\n\t\t<div class=\"wpb_wrapper\">\n\t\t\t<p>Step sheet :<br \/>\n<strong>Exploration<\/strong><\/p>\n<a href=\"https:\/\/capej.eu\/wp-content\/uploads\/2023\/04\/CAPEJ-Step-Sheet-02-DEF-ENG.pdf\" class=\"su-button su-button-style-flat\" style=\"color:#FFFFFF;background-color:#203d6f;border-color:#1a3159;border-radius:29px\" target=\"_blank\" rel=\"noopener noreferrer\"><span style=\"color:#FFFFFF;padding:6px 16px;font-size:13px;line-height:20px;border-color:#63789b;border-radius:29px;text-shadow:none\"><i class=\"sui sui-arrow-circle-down\" style=\"font-size:13px;color:#FFFFFF\"><\/i> Download the file<\/span><\/a>\n\n\t\t<\/div>\n\t<\/div>\n\r\n\t<div class=\"bauer-spacer clearfix\" data-desktop=\"40\" data-mobi=\"40\" data-smobi=\"40\"><\/div><div class=\"vc_separator wpb_content_element vc_separator_align_center vc_sep_width_100 vc_sep_border_width_4 vc_sep_pos_align_center vc_separator_no_text\" ><span class=\"vc_sep_holder vc_sep_holder_l\"><span  style=\"border-color:#e4e8ee;\" class=\"vc_sep_line\"><\/span><\/span><span class=\"vc_sep_holder vc_sep_holder_r\"><span  style=\"border-color:#e4e8ee;\" class=\"vc_sep_line\"><\/span><\/span>\n<\/div>\r\n\t<div class=\"bauer-spacer clearfix\" data-desktop=\"40\" data-mobi=\"40\" data-smobi=\"40\"><\/div>\n\t<div class=\"wpb_text_column wpb_content_element\" >\n\t\t<div class=\"wpb_wrapper\">\n\t\t\t<p><span style=\"color: #3a6e47;\">Tool sheet:<\/span><br \/>\n<span style=\"color: #3a6e47;\"><strong>Community map of the territory<br \/>\n<\/strong><\/span><\/p>\n<a href=\"https:\/\/capej.eu\/wp-content\/uploads\/2023\/04\/CAPEJ-Tool-Sheet-DEF-ENG-02.pdf\" class=\"su-button su-button-style-flat\" style=\"color:#FFFFFF;background-color:#3a6e47;border-color:#2f5839;border-radius:29px\" target=\"_blank\" rel=\"noopener noreferrer\"><span style=\"color:#FFFFFF;padding:6px 16px;font-size:13px;line-height:20px;border-color:#769a7f;border-radius:29px;text-shadow:none\"><i class=\"sui sui-arrow-circle-down\" style=\"font-size:13px;color:#FFFFFF\"><\/i> Download the file<\/span><\/a>\n\n\t\t<\/div>\n\t<\/div>\n\r\n\t<div class=\"bauer-spacer clearfix\" data-desktop=\"40\" data-mobi=\"40\" data-smobi=\"40\"><\/div>\n\t<div class=\"wpb_text_column wpb_content_element\" >\n\t\t<div class=\"wpb_wrapper\">\n\t\t\t<p><span style=\"color: #3a6e47;\">Tool sheet:<\/span><br \/>\n<span style=\"color: #3a6e47;\"><strong>Cartography of the actors<br \/>\n<\/strong><\/span><\/p>\n<a href=\"https:\/\/capej.eu\/wp-content\/uploads\/2023\/04\/CAPEJ-Tool-Sheet-DEF-ENG-03.pdf\" class=\"su-button su-button-style-flat\" style=\"color:#FFFFFF;background-color:#3a6e47;border-color:#2f5839;border-radius:29px\" target=\"_blank\" rel=\"noopener noreferrer\"><span style=\"color:#FFFFFF;padding:6px 16px;font-size:13px;line-height:20px;border-color:#769a7f;border-radius:29px;text-shadow:none\"><i class=\"sui sui-arrow-circle-down\" style=\"font-size:13px;color:#FFFFFF\"><\/i> Download the file<\/span><\/a>\n\n\t\t<\/div>\n\t<\/div>\n\r\n\t<div class=\"bauer-spacer clearfix\" data-desktop=\"40\" data-mobi=\"40\" data-smobi=\"40\"><\/div>\n\t<div class=\"wpb_text_column wpb_content_element\" >\n\t\t<div class=\"wpb_wrapper\">\n\t\t\t<p><span style=\"color: #3a6e47;\">Tool sheet:<\/span><br \/>\n<span style=\"color: #3a6e47;\"><strong>Inspirational meeting strategy...<br \/>\n<\/strong><\/span><\/p>\n<a href=\"https:\/\/capej.eu\/wp-content\/uploads\/2023\/04\/CAPEJ-Tool-Sheet-DEF-ENG-04.pdf\" class=\"su-button su-button-style-flat\" style=\"color:#FFFFFF;background-color:#3a6e47;border-color:#2f5839;border-radius:29px\" target=\"_blank\" rel=\"noopener noreferrer\"><span style=\"color:#FFFFFF;padding:6px 16px;font-size:13px;line-height:20px;border-color:#769a7f;border-radius:29px;text-shadow:none\"><i class=\"sui sui-arrow-circle-down\" style=\"font-size:13px;color:#FFFFFF\"><\/i> Download the file<\/span><\/a>\n\n\t\t<\/div>\n\t<\/div>\n\r\n\t<div class=\"bauer-spacer clearfix\" data-desktop=\"40\" data-mobi=\"40\" data-smobi=\"40\"><\/div><\/div><\/div><\/div><\/div><\/div><\/section><\/div>","protected":false},"excerpt":{"rendered":"ETAPE 2 L'exploration \u00e9tape pr\u00e9c\u00e9dente \u00e9tape suivante Figure adapt\u00e9e de Van Campenhoudt, L., Marquet, J., &amp; Quivy R. (2017). Manuel de recherche en sciences sociales (5\u00e8me ed.). Paris : Dunod. Fiche \u00e9tape : L\u2019exploration T\u00e9l\u00e9charger la fiche Fiche outil : Carte communautaire du territoire T\u00e9l\u00e9charger la fiche Fiche outil :","protected":false},"author":2,"featured_media":0,"parent":0,"menu_order":0,"comment_status":"closed","ping_status":"closed","template":"","meta":{"footnotes":""},"class_list":["post-10361","page","type-page","status-publish","hentry"],"aioseo_notices":[],"jetpack_sharing_enabled":true,"_links":{"self":[{"href":"https:\/\/capej.eu\/en\/wp-json\/wp\/v2\/pages\/10361","targetHints":{"allow":["GET"]}}],"collection":[{"href":"https:\/\/capej.eu\/en\/wp-json\/wp\/v2\/pages"}],"about":[{"href":"https:\/\/capej.eu\/en\/wp-json\/wp\/v2\/types\/page"}],"author":[{"embeddable":true,"href":"https:\/\/capej.eu\/en\/wp-json\/wp\/v2\/users\/2"}],"replies":[{"embeddable":true,"href":"https:\/\/capej.eu\/en\/wp-json\/wp\/v2\/comments?post=10361"}],"version-history":[{"count":44,"href":"https:\/\/capej.eu\/en\/wp-json\/wp\/v2\/pages\/10361\/revisions"}],"predecessor-version":[{"id":11623,"href":"https:\/\/capej.eu\/en\/wp-json\/wp\/v2\/pages\/10361\/revisions\/11623"}],"wp:attachment":[{"href":"https:\/\/capej.eu\/en\/wp-json\/wp\/v2\/media?parent=10361"}],"curies":[{"name":"wp","href":"https:\/\/api.w.org\/{rel}","templated":true}]}}